{"id":863,"date":"2016-02-03T13:04:35","date_gmt":"2016-02-03T12:04:35","guid":{"rendered":"http:\/\/begirada.fr\/?page_id=863"},"modified":"2023-02-18T18:27:34","modified_gmt":"2023-02-18T17:27:34","slug":"liens-vers-tutoriels","status":"publish","type":"page","link":"https:\/\/begirada.fr\/index.php\/accueil\/tutos\/liens-vers-tutoriels\/","title":{"rendered":"liens vers tutoriels"},"content":{"rendered":"<p><img decoding=\"async\" class=\"so-widget-image\" title=\"LR\" src=\"http:\/\/begirada.fr\/wp-content\/uploads\/2016\/02\/Lightroom-logo.png\" srcset=\"\" alt=\"\" width=\"133\" height=\"127\" \/><\/p>\n<h3 class=\"widget-title\">tutos Lightroom<\/h3>\n<ul class=\"sow-carousel-items\">\n<li class=\"sow-carousel-item\"><a href=\"http:\/\/begirada.fr\/index.php\/events\/le-noir-et-blanc-avec-lr-2\/\">Le noir et blanc avec LR<\/a><\/li>\n<li class=\"sow-carousel-item\"><a href=\"http:\/\/begirada.fr\/index.php\/events\/ameliorer-une-photographie-de-paysage-prise-par-mauvais-temps\/\">Am\u00e9liorer une photographie de paysage prise par mauvais temps<\/a><\/li>\n<li class=\"sow-carousel-item\"><a href=\"http:\/\/begirada.fr\/index.php\/events\/donner-un-look-cinema-a-ses-photos\/\">Donner un look \u00ab\u00a0cin\u00e9ma\u00a0\u00bb \u00e0 ses photos<\/a><\/li>\n<li class=\"sow-carousel-item\"><a href=\"http:\/\/begirada.fr\/index.php\/events\/reduire-le-bruit-avec-lr\/\">R\u00e9duire le bruit avec LR<\/a><\/li>\n<li class=\"sow-carousel-item\"><a href=\"http:\/\/begirada.fr\/index.php\/events\/lightroom-focus-points-visualiser-les-collimateurs-actifs\/\">Lightroom Focus Points : Visualiser les collimateurs actifs<\/a><\/li>\n<li class=\"sow-carousel-item\"><a href=\"http:\/\/begirada.fr\/index.php\/events\/le-noir-et-blanc-avec-lr\/\">Le noir et blanc avec LR<\/a><\/li>\n<li class=\"sow-carousel-item\"><a href=\"http:\/\/begirada.fr\/index.php\/events\/lr-photo-de-paysages\/\">LR: photo de paysage<\/a><\/li>\n<\/ul>\n<p><img decoding=\"async\" class=\"so-widget-image\" title=\"PS\" src=\"http:\/\/begirada.fr\/wp-content\/uploads\/2016\/02\/PS-logo.jpg\" srcset=\"http:\/\/begirada.fr\/wp-content\/uploads\/2016\/02\/PS-logo-109x109.jpg 109w, http:\/\/begirada.fr\/wp-content\/uploads\/2016\/02\/PS-logo-100x100.jpg 100w, http:\/\/begirada.fr\/wp-content\/uploads\/2016\/02\/PS-logo.jpg 128w\" alt=\"\" width=\"128\" height=\"128\" \/><\/p>\n<h3 class=\"widget-title\">Tutos Photoshop<\/h3>\n<ul class=\"sow-carousel-items\">\n<li class=\"sow-carousel-item\"><a href=\"http:\/\/begirada.fr\/index.php\/events\/photoshop-loutil-courbe\/\">Photoshop: l\u2019outil courbe<\/a><\/li>\n<li class=\"sow-carousel-item\"><a href=\"http:\/\/begirada.fr\/index.php\/events\/harmoniser-les-couleurs-rapidement\/\">Harmoniser les couleurs rapidement<\/a><\/li>\n<li class=\"sow-carousel-item\"><a href=\"http:\/\/begirada.fr\/index.php\/events\/creer-le-plus-rapide-dodge-and-burn-dans-photoshop\/\">Cr\u00e9er le Plus RAPIDE DODGE and BURN dans PHOTOSHOP<\/a><\/li>\n<li class=\"sow-carousel-item\"><a href=\"http:\/\/begirada.fr\/index.php\/events\/le-detourage\/\">Le d\u00e9tourage<\/a><\/li>\n<li class=\"sow-carousel-item\"><a href=\"http:\/\/begirada.fr\/index.php\/events\/portrait-modifier-la-couleur-des-yeux\/\">Portrait: Modifier la couleur des yeux<\/a><\/li>\n<li class=\"sow-carousel-item\"><a href=\"http:\/\/begirada.fr\/index.php\/events\/faire-une-brush-flocons-pour-ajouter-de-la-neige-a-ses-photos\/\">faire une brush \u00ab\u00a0flocons\u00a0\u00bb pour ajouter de la neige \u00e0 ses photos<\/a><\/li>\n<li class=\"sow-carousel-item\"><a href=\"http:\/\/begirada.fr\/index.php\/events\/retouche-de-peau-la-separation-des-frequences\/\">Retouche de peau: La s\u00e9paration des fr\u00e9quences<\/a><\/li>\n<li class=\"sow-carousel-item\"><a href=\"http:\/\/begirada.fr\/index.php\/events\/comment-creer-un-noir-et-blanc-contraste\/\">Comment cr\u00e9er un noir et blanc contrast\u00e9<\/a><\/li>\n<li class=\"sow-carousel-item\"><a href=\"http:\/\/begirada.fr\/index.php\/events\/photo-manipulation\/\">Photo manipulation<\/a><\/li>\n<li class=\"sow-carousel-item\"><a href=\"http:\/\/begirada.fr\/index.php\/events\/creer-une-source-lumineuse-avec-photoshop\/\">Cr\u00e9er une source lumineuse avec photoshop<\/a><\/li>\n<li class=\"sow-carousel-item\"><a href=\"http:\/\/begirada.fr\/index.php\/events\/le-detourage-sur-fond-vert\/\">le d\u00e9tourage sur fond vert<\/a><\/li>\n<li class=\"sow-carousel-item\"><a href=\"http:\/\/begirada.fr\/index.php\/events\/donner-de-loriginalite-a-une-photo\/\">Donner un look \u00ab\u00a0fantasy\u00a0\u00bb \u00e0 une photo<\/a><\/li>\n<li class=\"sow-carousel-item\"><a href=\"http:\/\/begirada.fr\/index.php\/events\/donner-du-detail-a-une-photo\/\">Donner du d\u00e9tail \u00e0 une photo<\/a><\/li>\n<li class=\"sow-carousel-item\"><a href=\"http:\/\/begirada.fr\/index.php\/events\/supprimer-des-elements-genants\/\">supprimer des \u00e9l\u00e9ments g\u00eanants<\/a><\/li>\n<li class=\"sow-carousel-item\"><a href=\"http:\/\/begirada.fr\/index.php\/events\/changer-lambiance-dune-photo\/\">Changer l\u2019ambiance d\u2019une photo<\/a><\/li>\n<li class=\"sow-carousel-item\"><a href=\"http:\/\/begirada.fr\/index.php\/events\/le-focus-stacking\/\">Le focus stacking<\/a><\/li>\n<li class=\"sow-carousel-item\"><a href=\"http:\/\/begirada.fr\/index.php\/events\/calibrer-son-ecran-pour-la-retouche\/\">Calibrer son \u00e9cran pour la retouche<\/a><\/li>\n<li class=\"sow-carousel-item\"><a href=\"http:\/\/begirada.fr\/index.php\/events\/restaurer-de-vielles-photos\/\">Restaurer de vielles photos<\/a><\/li>\n<li class=\"sow-carousel-item\"><a href=\"http:\/\/begirada.fr\/index.php\/events\/debuter-avec-photoshop-cs6\/\">D\u00e9buter avec photoshop CS6<\/a><\/li>\n<\/ul>\n<p><img decoding=\"async\" class=\"so-widget-image\" title=\"mat\u00e9riel\" src=\"http:\/\/begirada.fr\/wp-content\/uploads\/2016\/02\/reflex-1.jpg\" srcset=\"http:\/\/begirada.fr\/wp-content\/uploads\/2016\/02\/reflex-1-150x150.jpg 150w, http:\/\/begirada.fr\/wp-content\/uploads\/2016\/02\/reflex-1-300x300.jpg 300w, http:\/\/begirada.fr\/wp-content\/uploads\/2016\/02\/reflex-1-109x109.jpg 109w, http:\/\/begirada.fr\/wp-content\/uploads\/2016\/02\/reflex-1-100x100.jpg 100w, http:\/\/begirada.fr\/wp-content\/uploads\/2016\/02\/reflex-1.jpg 370w\" alt=\"\" width=\"158\" height=\"156\" \/><\/p>\n<h3 class=\"widget-title\">tutos technique photographique<\/h3>\n<ul class=\"sow-carousel-items\">\n<li class=\"sow-carousel-item\"><a href=\"http:\/\/begirada.fr\/index.php\/events\/une-afgan-box-cest-quoi\/\">Une afgan box, c\u2019est quoi?<\/a><\/li>\n<li class=\"sow-carousel-item\"><a href=\"http:\/\/begirada.fr\/index.php\/events\/garder-un-style-constant-en-reportage\/\">garder un style constant en reportage<\/a><\/li>\n<li class=\"sow-carousel-item\"><a href=\"http:\/\/begirada.fr\/index.php\/events\/le-cyanotype\/\">Le Cyanotype<\/a><\/li>\n<li class=\"sow-carousel-item\"><a href=\"http:\/\/begirada.fr\/index.php\/events\/lexposition\/\">L\u2019exposition<\/a><\/li>\n<li class=\"sow-carousel-item\"><a href=\"http:\/\/begirada.fr\/index.php\/events\/comment-poser-en-photo\/\">Comment poser en photo<\/a><\/li>\n<li class=\"sow-carousel-item\"><a href=\"http:\/\/begirada.fr\/index.php\/events\/familles-dappareils-argentiques\/\">Familles d\u2019appareils argentiques<\/a><\/li>\n<li class=\"sow-carousel-item\"><a href=\"http:\/\/begirada.fr\/index.php\/events\/7-conseils-pour-une-photo-plus-nette\/\">7 conseils pour une photo plus nette<\/a><\/li>\n<li class=\"sow-carousel-item\"><a href=\"http:\/\/begirada.fr\/index.php\/events\/la-secte-de-la-regle-des-tiers\/\">La secte de la r\u00e8gle des tiers<\/a><\/li>\n<li class=\"sow-carousel-item\"><a href=\"http:\/\/begirada.fr\/index.php\/events\/choisir-sa-carte-memoire\/\">Choisir sa carte m\u00e9moire<\/a><\/li>\n<li class=\"sow-carousel-item\"><a href=\"http:\/\/begirada.fr\/index.php\/events\/tout-faire-avec-tous-les-appareils\/\">Peut-on tout faire avec tous les appareils ?<\/a><\/li>\n<li class=\"sow-carousel-item\"><a href=\"http:\/\/begirada.fr\/index.php\/events\/eclairage-studio-debrouille\/\">\u00e9clairage studio \u00ab\u00a0d\u00e9brouille\u00a0\u00bb<\/a><\/li>\n<li class=\"sow-carousel-item\"><a href=\"http:\/\/begirada.fr\/index.php\/events\/photographier-des-oiseaux\/\">photographier des oiseaux<\/a><\/li>\n<li class=\"sow-carousel-item\"><a href=\"http:\/\/begirada.fr\/index.php\/events\/photographier-un-feu-dartifice\/\">photographier un feu d\u2019artifice<\/a><\/li>\n<li class=\"sow-carousel-item\"><a href=\"http:\/\/begirada.fr\/index.php\/events\/photographier-un-objet-en-studio\/\">Photographier un objet en studio<\/a><\/li>\n<li class=\"sow-carousel-item\"><a href=\"http:\/\/begirada.fr\/index.php\/events\/regler-la-colorimetrie-dune-image\/\">r\u00e9gler la colorim\u00e9trie d\u2019une image<\/a><\/li>\n<li class=\"sow-carousel-item\"><a href=\"http:\/\/begirada.fr\/index.php\/events\/scenariser-une-exposition\/\">Sc\u00e9nariser une exposition<\/a><\/li>\n<li class=\"sow-carousel-item\"><a href=\"http:\/\/begirada.fr\/index.php\/events\/choisir-un-papier-photo\/\">Choisir un papier photo<\/a><\/li>\n<li class=\"sow-carousel-item\"><a href=\"http:\/\/begirada.fr\/index.php\/events\/nettoyer-un-objectif-qui-a-des-champignons\/\">Nettoyer un objectif qui a des champignons<\/a><\/li>\n<li class=\"sow-carousel-item\"><a href=\"http:\/\/begirada.fr\/index.php\/events\/faire-du-portait-chez-soi\/\">Faire du portait chez soi<\/a><\/li>\n<li class=\"sow-carousel-item\"><a href=\"http:\/\/begirada.fr\/index.php\/events\/cadrage-et-composition\/\">cadrage et composition<\/a><\/li>\n<li class=\"sow-carousel-item\"><a href=\"http:\/\/begirada.fr\/index.php\/events\/comment-faire-une-etoile-avec-le-soleil\/\">Comment faire une \u00e9toile avec le soleil<\/a><\/li>\n<li class=\"sow-carousel-item\"><a href=\"http:\/\/begirada.fr\/index.php\/events\/photographie-de-paysages-en-vacances\/\">Photographie de paysages en vacances<\/a><\/li>\n<li class=\"sow-carousel-item\"><a href=\"http:\/\/begirada.fr\/index.php\/events\/le-spark-art\/\">Le spark art<\/a><\/li>\n<li class=\"sow-carousel-item\"><a href=\"http:\/\/begirada.fr\/index.php\/events\/photographier-la-voie-lactee\/\">Photographier la voie lact\u00e9e<\/a><\/li>\n<li class=\"sow-carousel-item\"><a href=\"http:\/\/begirada.fr\/index.php\/events\/trois-configurations-declairage-utilisant-la-lumiere-dune-fenetre\/\">Trois configurations d\u2019\u00e9clairage utilisant la lumi\u00e8re d\u2019une fen\u00eatre<\/a><\/li>\n<li class=\"sow-carousel-item\"><a href=\"http:\/\/begirada.fr\/index.php\/events\/la-photo-de-concert\/\">la photo de concert<\/a><\/li>\n<li class=\"sow-carousel-item\"><a href=\"http:\/\/begirada.fr\/index.php\/events\/6-regles-de-composition-a-connaitre\/\">6 r\u00e8gles de composition \u00e0 connaitre<\/a><\/li>\n<li class=\"sow-carousel-item\"><a href=\"http:\/\/begirada.fr\/index.php\/events\/la-photo-de-rue\/\">la photo de rue<\/a><\/li>\n<li class=\"sow-carousel-item\"><a href=\"http:\/\/begirada.fr\/index.php\/events\/10-conseils-pour-devenir-un-mauvais-photographe\/\">10 conseils pour devenir un mauvais photographe<\/a><\/li>\n<li class=\"sow-carousel-item\"><a href=\"http:\/\/begirada.fr\/index.php\/events\/la-photo-culinaire\/\">la photo culinaire<\/a><\/li>\n<li class=\"sow-carousel-item\"><a href=\"http:\/\/begirada.fr\/index.php\/events\/flash-et-pose-lente\/\">flash et pose lente<\/a><\/li>\n<li class=\"sow-carousel-item\"><a href=\"http:\/\/begirada.fr\/index.php\/events\/choisir-un-film-argentique\/\">Choisir un film argentique<\/a><\/li>\n<li class=\"sow-carousel-item\"><a href=\"http:\/\/begirada.fr\/index.php\/events\/magnifier-le-regard-dans-un-portrait\/\">Magnifier le regard dans un portrait<\/a><\/li>\n<li class=\"sow-carousel-item\"><a href=\"http:\/\/begirada.fr\/index.php\/events\/fabriquer-un-fond-photo-original\/\">fabriquer un fond photo original<\/a><\/li>\n<li class=\"sow-carousel-item\"><a href=\"http:\/\/begirada.fr\/index.php\/events\/une-boite-a-lumiere-pour-moins-de-10-euros\/\">Une boite \u00e0 lumi\u00e8re pour moins de 10 euros<\/a><\/li>\n<li class=\"sow-carousel-item\"><a href=\"http:\/\/begirada.fr\/index.php\/events\/focale-et-portrait\/\">Focale et portrait<\/a><\/li>\n<li class=\"sow-carousel-item\"><a href=\"http:\/\/begirada.fr\/index.php\/events\/le-bookend-pour-dynamiser-ses-photos-de-rue\/\">le bookend pour dynamiser ses photos de rue<\/a><\/li>\n<li class=\"sow-carousel-item\"><a href=\"http:\/\/begirada.fr\/index.php\/events\/quel-reglage-de-mesure-dexposition-choisir\/\">quel mode de mesure d\u2019exposition choisir<\/a><\/li>\n<li class=\"sow-carousel-item\"><a href=\"http:\/\/begirada.fr\/index.php\/events\/comment-faire-des-photos-sur-le-vif-nettes\/\">comment faire des photos sur le vif nettes<\/a><\/li>\n<li class=\"sow-carousel-item\"><a href=\"http:\/\/begirada.fr\/index.php\/events\/la-theorie-des-couleurs\/\">La th\u00e9orie des couleurs<\/a><\/li>\n<li class=\"sow-carousel-item\"><a href=\"http:\/\/begirada.fr\/index.php\/events\/calibrer-lautofocus-de-son-boitier\/\">Calibrer l\u2019autofocus de son boitier<\/a><\/li>\n<li class=\"sow-carousel-item\"><a href=\"http:\/\/begirada.fr\/index.php\/events\/pose-longue-et-open-flash\/\">Pose longue et open flash<\/a><\/li>\n<li class=\"sow-carousel-item\"><a href=\"http:\/\/begirada.fr\/index.php\/events\/sauvegarder-ses-photos\/\">sauvegarder ses photos<\/a><\/li>\n<li class=\"sow-carousel-item\"><a href=\"http:\/\/begirada.fr\/index.php\/events\/developper-une-pellicule-argentique\/\">D\u00e9velopper une pellicule Argentique<\/a><\/li>\n<li class=\"sow-carousel-item\"><a href=\"http:\/\/begirada.fr\/index.php\/events\/initiation-au-hdr\/\">initiation au HDR<\/a><\/li>\n<li class=\"sow-carousel-item\"><a href=\"http:\/\/begirada.fr\/index.php\/events\/simulateur-dappareil-photo\/\">simulateur d\u2019appareil photo<\/a><\/li>\n<li class=\"sow-carousel-item\"><a href=\"http:\/\/begirada.fr\/index.php\/events\/les-modes-autofocus\/\">Les modes autofocus<\/a><\/li>\n<li class=\"sow-carousel-item\"><a href=\"http:\/\/begirada.fr\/index.php\/events\/lhyperfocale-cest-quoi\/\">L\u2019hyperfocale c\u2019est quoi?<\/a><\/li>\n<li class=\"sow-carousel-item\"><a href=\"http:\/\/begirada.fr\/index.php\/events\/reussir-un-coucher-de-soleil\/\">R\u00e9ussir un coucher de soleil<\/a><\/li>\n<li class=\"sow-carousel-item\"><a href=\"http:\/\/begirada.fr\/index.php\/events\/photographier-en-pose-longue\/\">Photographier en pose longue<\/a><\/li>\n<li class=\"sow-carousel-item\"><a href=\"http:\/\/begirada.fr\/index.php\/events\/photographier-une-voiture\/\">Photographier une voiture<\/a><\/li>\n<li class=\"sow-carousel-item\"><a href=\"http:\/\/begirada.fr\/index.php\/events\/tester-lautofocus-de-ses-objectifs\/\">Tester l\u2019autofocus de ses objectifs<\/a><\/li>\n<li class=\"sow-carousel-item\"><a href=\"http:\/\/begirada.fr\/index.php\/events\/le-droit-a-limage\/\">le droit \u00e0 l\u2019image et le droit d\u2019auteur<\/a><\/li>\n<li class=\"sow-carousel-item\"><a href=\"http:\/\/begirada.fr\/index.php\/events\/la-photo-cest-pas-sorcier\/\">la photo c\u2019est pas sorcier !<\/a><\/li>\n<li class=\"sow-carousel-item\"><a href=\"http:\/\/begirada.fr\/index.php\/events\/choisir-son-appareil\/\">Choisir son appareil<\/a><\/li>\n<li class=\"sow-carousel-item\"><a href=\"http:\/\/begirada.fr\/index.php\/events\/passer-au-mode-priorite-a-louverture\/\">Passer au mode \u00ab\u00a0priorit\u00e9 \u00e0 l\u2019ouverture\u00a0\u00bb<\/a><\/li>\n<\/ul>\n<p><img loading=\"lazy\" decoding=\"async\" class=\"so-widget-image\" title=\"Culture\" src=\"http:\/\/begirada.fr\/wp-content\/uploads\/2017\/02\/culture.jpg\" srcset=\"http:\/\/begirada.fr\/wp-content\/uploads\/2017\/02\/culture-300x228.jpg 300w, http:\/\/begirada.fr\/wp-content\/uploads\/2017\/02\/culture.jpg 439w\" alt=\"\" width=\"150\" height=\"114\" \/><\/p>\n<h3 class=\"widget-title\">Culture photographique<\/h3>\n<ul class=\"sow-carousel-items\">\n<li class=\"sow-carousel-item\"><a href=\"http:\/\/begirada.fr\/index.php\/events\/pour-qui-faire-des-photos\/\">Pour qui faire des photos<\/a><\/li>\n<li class=\"sow-carousel-item\"><a href=\"http:\/\/begirada.fr\/index.php\/events\/jaurais-pu-faire-la-meme\/\">J\u2019aurais pu faire la m\u00eame\u2026<\/a><\/li>\n<li class=\"sow-carousel-item\"><a href=\"http:\/\/begirada.fr\/index.php\/events\/photo-descriptive-ou-narrative\/\">Photo descriptive ou narrative\u2026<\/a><\/li>\n<li class=\"sow-carousel-item\"><a href=\"http:\/\/begirada.fr\/index.php\/events\/construire-un-portfolio\/\">Construire un portfolio<\/a><\/li>\n<li class=\"sow-carousel-item\"><a href=\"http:\/\/begirada.fr\/index.php\/events\/histoire-du-photojournalisme\/\">histoire du photojournalisme<\/a><\/li>\n<li class=\"sow-carousel-item\"><a href=\"http:\/\/begirada.fr\/index.php\/events\/faut-il-reflechir-avant-de-prendre-une-photo\/\">Faut-il R\u00c9FL\u00c9CHIR avant de prendre une photo<\/a><\/li>\n<li class=\"sow-carousel-item\"><a href=\"http:\/\/begirada.fr\/index.php\/events\/la-photographie-pure\/\">La photographie pure<\/a><\/li>\n<li class=\"sow-carousel-item\"><a href=\"http:\/\/begirada.fr\/index.php\/events\/selectionner-ses-photos-dans-un-projet\/\">s\u00e9lectionner ses photos dans un projet<\/a><\/li>\n<li class=\"sow-carousel-item\"><a href=\"http:\/\/begirada.fr\/index.php\/events\/peut-on-photographier-les-gens-dans-la-rue\/\">Peut-on photographier les gens dans la rue?<\/a><\/li>\n<li class=\"sow-carousel-item\"><a href=\"http:\/\/begirada.fr\/index.php\/events\/photo-artistique-versus-photo-reportage\/\">Photo artistique versus Photo reportage<\/a><\/li>\n<li class=\"sow-carousel-item\"><a href=\"http:\/\/begirada.fr\/index.php\/events\/la-premiere-photo-du-monde\/\">La premi\u00e8re photo de l\u2019histoire<\/a><\/li>\n<li class=\"sow-carousel-item\"><a href=\"http:\/\/begirada.fr\/index.php\/events\/le-droit-a-limage-2\/\">Le droit \u00e0 l\u2019image<\/a><\/li>\n<li class=\"sow-carousel-item\"><a href=\"http:\/\/begirada.fr\/index.php\/events\/histoire-des-appareils-nikon\/\">histoire des appareils Nikon<\/a><\/li>\n<li class=\"sow-carousel-item\"><a href=\"http:\/\/begirada.fr\/index.php\/events\/limage-photographique\/\">l\u2019image photographique<\/a><\/li>\n<li class=\"sow-carousel-item\"><a href=\"http:\/\/begirada.fr\/index.php\/events\/la-photo-contre-limage\/\">la photo contre l\u2019image<\/a><\/li>\n<li class=\"sow-carousel-item\"><a href=\"http:\/\/begirada.fr\/index.php\/events\/histoire-de-la-photographie\/\">Histoire de la photographie<\/a><\/li>\n<\/ul>\n","protected":false},"excerpt":{"rendered":"<p>tutos Lightroom Le noir et blanc avec LR Am\u00e9liorer une photographie de paysage prise par mauvais temps Donner un look \u00ab\u00a0cin\u00e9ma\u00a0\u00bb \u00e0 ses photos R\u00e9duire le bruit avec LR Lightroom Focus Points : Visualiser les collimateurs actifs Le noir et [&hellip;]<\/p>\n","protected":false},"author":1,"featured_media":0,"parent":811,"menu_order":0,"comment_status":"closed","ping_status":"closed","template":"","meta":[],"_links":{"self":[{"href":"https:\/\/begirada.fr\/index.php\/wp-json\/wp\/v2\/pages\/863"}],"collection":[{"href":"https:\/\/begirada.fr\/index.php\/wp-json\/wp\/v2\/pages"}],"about":[{"href":"https:\/\/begirada.fr\/index.php\/wp-json\/wp\/v2\/types\/page"}],"author":[{"embeddable":true,"href":"https:\/\/begirada.fr\/index.php\/wp-json\/wp\/v2\/users\/1"}],"replies":[{"embeddable":true,"href":"https:\/\/begirada.fr\/index.php\/wp-json\/wp\/v2\/comments?post=863"}],"version-history":[{"count":131,"href":"https:\/\/begirada.fr\/index.php\/wp-json\/wp\/v2\/pages\/863\/revisions"}],"predecessor-version":[{"id":3570,"href":"https:\/\/begirada.fr\/index.php\/wp-json\/wp\/v2\/pages\/863\/revisions\/3570"}],"up":[{"embeddable":true,"href":"https:\/\/begirada.fr\/index.php\/wp-json\/wp\/v2\/pages\/811"}],"wp:attachment":[{"href":"https:\/\/begirada.fr\/index.php\/wp-json\/wp\/v2\/media?parent=863"}],"curies":[{"name":"wp","href":"https:\/\/api.w.org\/{rel}","templated":true}]}}