{"id":673,"date":"2016-02-01T19:41:50","date_gmt":"2016-02-01T18:41:50","guid":{"rendered":"http:\/\/begirada.fr\/?page_id=673"},"modified":"2025-09-01T17:59:09","modified_gmt":"2025-09-01T16:59:09","slug":"club-et-contact","status":"publish","type":"page","link":"https:\/\/begirada.fr\/index.php\/accueil\/club-et-contact\/","title":{"rendered":"Le Club"},"content":{"rendered":"<h3 style=\"text-align: center;\"><a class=\"ow-button-hover\" href=\"http:\/\/begirada.fr\/index.php\/galleries\/affiches-expos\/\">Expositions<\/a>\u00a0 \u00a0 \u00a0 \u00a0 \u00a0 \u00a0 <a href=\"http:\/\/begirada.fr\/wp-content\/uploads\/2025\/09\/2025-26-programme-previsionnel-Begirada-V1.pdf\">\u00a0Programme 2025-26<\/a>\u00a0 \u00a0 \u00a0 \u00a0 \u00a0 \u00a0 \u00a0 \u00a0<a href=\"http:\/\/begirada.fr\/wp-content\/uploads\/2023\/12\/Materiels-et-equipements-a-la-disposition-des-adherents.pdf\">Mat\u00e9riels\u00a0<\/a> \u00a0 \u00a0 \u00a0 \u00a0 \u00a0 \u00a0\u00a0<a class=\"ow-button-hover\" href=\"http:\/\/begirada.fr\/index.php\/cours-photos\/\"> Cours photo <\/a><\/h3>\n<p style=\"text-align: justify;\"><strong>Begirada<\/strong> est une association cr\u00e9\u00e9e \u00e0 Saint Palais, au Pays Basque en 2004 afin d\u2019\u00eatre un lieu d\u2019\u00e9change et de partage entre ses membres autour \u00a0d\u2019une passion commune: <strong>La photographie.<\/strong><\/p>\n<p style=\"text-align: justify;\">Le club se r\u00e9unit environ 2 fois par mois pour \u00e9changer sur les travaux de chacun, pr\u00e9parer des expositions ou partager des connaissances.<\/p>\n<p style=\"text-align: justify;\">La cotisation annuelle est fix\u00e9e \u00e0 20 euros.<\/p>\n<p style=\"text-align: justify;\">Pr\u00e9sident: Yannick Bourcier<\/p>\n<p style=\"text-align: left;\">\n<p><img fetchpriority=\"high\" decoding=\"async\" class=\"alignnone size-full wp-image-344\" src=\"http:\/\/begirada.fr\/wp-content\/uploads\/2016\/01\/w-logo-8-begirada.png\" sizes=\"(max-width: 500px) 100vw, 500px\" srcset=\"http:\/\/begirada.fr\/wp-content\/uploads\/2016\/01\/w-logo-8-begirada-300x107.png 300w, http:\/\/begirada.fr\/wp-content\/uploads\/2016\/01\/w-logo-8-begirada.png 500w\" alt=\"w logo 8 begirada\" width=\"500\" height=\"179\" \/><\/p>\n<h5><\/h5>\n<h3 class=\"widget-title\">Contactez-nous<\/h3>\n<form id=\"contact-form-756b\" class=\"sow-contact-form\" action=\"\/wp-admin\/admin-ajax.php?_panelsnonce=3e925b6499#contact-form-756b\" method=\"POST\"><b>begirada.saintpalais@gmail.com<\/b><\/p>\n<p>06 03 01 06 30<\/p>\n<\/form>\n","protected":false},"excerpt":{"rendered":"<p>Expositions\u00a0 \u00a0 \u00a0 \u00a0 \u00a0 \u00a0 \u00a0Programme 2025-26\u00a0 \u00a0 \u00a0 \u00a0 \u00a0 \u00a0 \u00a0 \u00a0Mat\u00e9riels\u00a0 \u00a0 \u00a0 \u00a0 \u00a0 \u00a0 \u00a0\u00a0 Cours photo Begirada est une association cr\u00e9\u00e9e \u00e0 Saint Palais, au Pays Basque en 2004 afin d\u2019\u00eatre un lieu [&hellip;]<\/p>\n","protected":false},"author":1,"featured_media":0,"parent":101,"menu_order":0,"comment_status":"closed","ping_status":"closed","template":"","meta":[],"_links":{"self":[{"href":"https:\/\/begirada.fr\/index.php\/wp-json\/wp\/v2\/pages\/673"}],"collection":[{"href":"https:\/\/begirada.fr\/index.php\/wp-json\/wp\/v2\/pages"}],"about":[{"href":"https:\/\/begirada.fr\/index.php\/wp-json\/wp\/v2\/types\/page"}],"author":[{"embeddable":true,"href":"https:\/\/begirada.fr\/index.php\/wp-json\/wp\/v2\/users\/1"}],"replies":[{"embeddable":true,"href":"https:\/\/begirada.fr\/index.php\/wp-json\/wp\/v2\/comments?post=673"}],"version-history":[{"count":53,"href":"https:\/\/begirada.fr\/index.php\/wp-json\/wp\/v2\/pages\/673\/revisions"}],"predecessor-version":[{"id":3924,"href":"https:\/\/begirada.fr\/index.php\/wp-json\/wp\/v2\/pages\/673\/revisions\/3924"}],"up":[{"embeddable":true,"href":"https:\/\/begirada.fr\/index.php\/wp-json\/wp\/v2\/pages\/101"}],"wp:attachment":[{"href":"https:\/\/begirada.fr\/index.php\/wp-json\/wp\/v2\/media?parent=673"}],"curies":[{"name":"wp","href":"https:\/\/api.w.org\/{rel}","templated":true}]}}