{"id":394,"date":"2016-01-31T20:28:09","date_gmt":"2016-01-31T19:28:09","guid":{"rendered":"http:\/\/begirada.fr\/?page_id=394"},"modified":"2019-11-01T15:31:31","modified_gmt":"2019-11-01T14:31:31","slug":"galerie-du-mois-2","status":"publish","type":"page","link":"https:\/\/begirada.fr\/index.php\/accueil\/menu-galeries-begirada\/galerie-du-mois-2\/","title":{"rendered":"La galerie du mois"},"content":{"rendered":"<div  class=\"one withsmallpadding ppb_header \" style=\"text-align:left;padding:30px 0 30px 0;\" >\n<div class=\"standard_wrapper\">\n<div class=\"page_content_wrapper\">\n<div class=\"inner\">\n<div style=\"margin:auto;width:100%\">\n<h2 class=\"ppb_title\" style=\"\">les galeries<\/h2>\n<hr class=\"title_break left\" style=\"\"\/>\n<div class=\"ppb_header_content\">\n<p>Chaque d\u00e9but de mois les adh\u00e9rents du club sont invit\u00e9s \u00e0 publier une photo prise le mois pr\u00e9c\u00e9dent. Cette rubrique regroupe ces photos class\u00e9es par dates de publication <\/p>\n<\/div>\n<\/div>\n<\/div>\n<\/div>\n<\/div>\n<\/div>\n<div  class=\"one withsmallpadding ppb_header \" style=\"text-align:left;padding:30px 0 30px 0;\" >\n<div class=\"standard_wrapper\">\n<div class=\"page_content_wrapper\">\n<div class=\"inner\">\n<div style=\"margin:auto;width:100%\">\n<h2 class=\"ppb_title\" style=\"\">les galeries<\/h2>\n<hr class=\"title_break left\" style=\"\"\/>\n<div class=\"ppb_header_content\">\n<p>Chaque d\u00e9but de mois les adh\u00e9rents du club sont invit\u00e9s \u00e0 publier une photo prise le mois pr\u00e9c\u00e9dent. Cette rubrique regroupe ces photos class\u00e9es par dates de publication <\/p>\n<\/div>\n<\/div>\n<\/div>\n<\/div>\n<\/div>\n<\/div>\n","protected":false},"excerpt":{"rendered":"<p>les galeries Chaque d\u00e9but de mois les adh\u00e9rents du club sont invit\u00e9s \u00e0 publier une photo prise le mois pr\u00e9c\u00e9dent. Cette rubrique regroupe ces photos class\u00e9es par dates de publication les galeries Chaque d\u00e9but de mois les adh\u00e9rents du club [&hellip;]<\/p>\n","protected":false},"author":1,"featured_media":0,"parent":1037,"menu_order":0,"comment_status":"closed","ping_status":"closed","template":"","meta":[],"_links":{"self":[{"href":"https:\/\/begirada.fr\/index.php\/wp-json\/wp\/v2\/pages\/394"}],"collection":[{"href":"https:\/\/begirada.fr\/index.php\/wp-json\/wp\/v2\/pages"}],"about":[{"href":"https:\/\/begirada.fr\/index.php\/wp-json\/wp\/v2\/types\/page"}],"author":[{"embeddable":true,"href":"https:\/\/begirada.fr\/index.php\/wp-json\/wp\/v2\/users\/1"}],"replies":[{"embeddable":true,"href":"https:\/\/begirada.fr\/index.php\/wp-json\/wp\/v2\/comments?post=394"}],"version-history":[{"count":69,"href":"https:\/\/begirada.fr\/index.php\/wp-json\/wp\/v2\/pages\/394\/revisions"}],"predecessor-version":[{"id":2705,"href":"https:\/\/begirada.fr\/index.php\/wp-json\/wp\/v2\/pages\/394\/revisions\/2705"}],"up":[{"embeddable":true,"href":"https:\/\/begirada.fr\/index.php\/wp-json\/wp\/v2\/pages\/1037"}],"wp:attachment":[{"href":"https:\/\/begirada.fr\/index.php\/wp-json\/wp\/v2\/media?parent=394"}],"curies":[{"name":"wp","href":"https:\/\/api.w.org\/{rel}","templated":true}]}}