{"id":236,"date":"2016-01-31T14:16:42","date_gmt":"2016-01-31T13:16:42","guid":{"rendered":"http:\/\/begirada.fr\/?page_id=236"},"modified":"2016-02-12T22:03:43","modified_gmt":"2016-02-12T21:03:43","slug":"journal","status":"publish","type":"page","link":"https:\/\/begirada.fr\/index.php\/accueil\/journal\/","title":{"rendered":"Le journal du club"},"content":{"rendered":"<div  class=\"one fullwidth \"><link href=\"http:\/\/fonts.googleapis.com\/css?family=Raleway:300,900,100,600,400,500,800\" rel=\"stylesheet\" property=\"stylesheet\" type=\"text\/css\" media=\"all\" \/><link href=\"http:\/\/fonts.googleapis.com\/css?family=Raleway:800,500\" rel=\"stylesheet\" property=\"stylesheet\" type=\"text\/css\" media=\"all\" \/>\n<div id=\"rev_slider_9_1_wrapper\" class=\"rev_slider_wrapper fullscreen-container\" data-alias=\"journal\" style=\"background-color:transparent;padding:0px;\">\n<!-- START REVOLUTION SLIDER 5.1.6 fullscreen mode --><\/p>\n<div id=\"rev_slider_9_1\" class=\"rev_slider fullscreenbanner\" style=\"display:none;\" data-version=\"5.1.6\">\n<ul>\t<!-- SLIDE  --><\/p>\n<li data-index=\"rs-59\" data-transition=\"zoomout\" data-slotamount=\"default\" data-hideafterloop=\"0\" data-hideslideonmobile=\"off\"  data-easein=\"Power4.easeInOut\" data-easeout=\"Power4.easeInOut\" data-masterspeed=\"2000\"  data-thumb=\"http:\/\/begirada.fr\/wp-content\/uploads\/2016\/02\/w-elisahbeth-aout-2014-100x50.jpg\"  data-rotate=\"0\"  data-fstransition=\"fade\" data-fsmasterspeed=\"1500\" data-fsslotamount=\"7\" data-saveperformance=\"off\"  data-title=\"Intro\" data-param1=\"\" data-param2=\"\" data-param3=\"\" data-param4=\"\" data-param5=\"\" data-param6=\"\" data-param7=\"\" data-param8=\"\" data-param9=\"\" data-param10=\"\" data-description=\"\">\n\t\t<!-- MAIN IMAGE --><br \/>\n\t\t<img fetchpriority=\"high\" decoding=\"async\" src=\"http:\/\/begirada.fr\/wp-content\/uploads\/2016\/02\/w-elisahbeth-aout-2014.jpg\"  alt=\"\"  width=\"1500\" height=\"1000\" data-bgposition=\"center center\" data-kenburns=\"on\" data-duration=\"10000\" data-ease=\"Linear.easeNone\" data-scalestart=\"100\" data-scaleend=\"105\" data-rotatestart=\"0\" data-rotateend=\"0\" data-offsetstart=\"0 0\" data-offsetend=\"0 0\" data-bgparallax=\"10\" class=\"rev-slidebg\" data-no-retina><br \/>\n\t\t<!-- LAYERS --><\/p>\n<p>\t\t<!-- LAYER NR. 1 --><\/p>\n<div class=\"tp-caption NotGeneric-Title   tp-resizeme\" \n\t\t\t id=\"slide-59-layer-1\" \n\t\t\t data-x=\"['center','center','center','center']\" data-hoffset=\"['0','0','0','6']\" \n\t\t\t data-y=\"['middle','middle','middle','middle']\" data-voffset=\"['0','0','-414','-298']\" \n\t\t\t\t\t\tdata-fontsize=\"['70','70','70','45']\"\n\t\t\tdata-lineheight=\"['70','70','70','50']\"\n\t\t\tdata-width=\"none\"\n\t\t\tdata-height=\"none\"\n\t\t\tdata-whitespace=\"nowrap\"\n\t\t\tdata-transform_idle=\"o:1;\"\n \n\t\t\t data-transform_in=\"x:[105%];z:0;rX:45deg;rY:0deg;rZ:90deg;sX:1;sY:1;skX:0;skY:0;s:2000;e:Power4.easeInOut;\" \n\t\t\t data-transform_out=\"y:[100%];s:1000;e:Power2.easeInOut;s:1000;e:Power2.easeInOut;\" \n\t\t\t data-mask_in=\"x:0px;y:0px;s:inherit;e:inherit;\" \n\t\t\t data-mask_out=\"x:inherit;y:inherit;s:inherit;e:inherit;\" \n\t\t\tdata-start=\"1000\" \n\t\t\tdata-splitin=\"chars\" \n\t\t\tdata-splitout=\"none\" \n\t\t\tdata-responsive_offset=\"on\" \n\n\t\t\tdata-elementdelay=\"0.05\" \n\t\t\t\n\t\t\tstyle=\"z-index: 5; white-space: nowrap;\">JOURNAL BEGIRADA\n\t\t<\/div>\n<p>\t\t<!-- LAYER NR. 2 --><\/p>\n<div class=\"tp-caption NotGeneric-SubTitle   tp-resizeme\" \n\t\t\t id=\"slide-59-layer-4\" \n\t\t\t data-x=\"['center','center','center','center']\" data-hoffset=\"['5','0','-16','-2']\" \n\t\t\t data-y=\"['middle','middle','middle','middle']\" data-voffset=\"['-36','52','-367','-267']\" \n\t\t\t\t\t\tdata-width=\"['287','none','none','none']\"\n\t\t\tdata-height=\"['21','none','none','none']\"\n\t\t\tdata-whitespace=\"['normal','nowrap','nowrap','nowrap']\"\n\t\t\tdata-transform_idle=\"o:1;\"\n \n\t\t\t data-transform_in=\"y:[100%];z:0;rX:0deg;rY:0;rZ:0;sX:1;sY:1;skX:0;skY:0;opacity:0;s:2000;e:Power4.easeInOut;\" \n\t\t\t data-transform_out=\"y:[100%];s:1000;e:Power2.easeInOut;s:1000;e:Power2.easeInOut;\" \n\t\t\t data-mask_in=\"x:0px;y:[100%];s:inherit;e:inherit;\" \n\t\t\t data-mask_out=\"x:inherit;y:inherit;s:inherit;e:inherit;\" \n\t\t\tdata-start=\"1500\" \n\t\t\tdata-splitin=\"none\" \n\t\t\tdata-splitout=\"none\" \n\t\t\tdata-responsive_offset=\"on\" \n\n\t\t\t\n\t\t\tstyle=\"z-index: 6; min-width: 287px; max-width: 287px; max-width: 21px; max-width: 21px; white-space: normal;\">CLUB PHOTO SAINT-PALAIS\n\t\t<\/div>\n<p>\t\t<!-- LAYER NR. 3 --><\/p>\n<div class=\"tp-caption NotGeneric-Button rev-btn \" \n\t\t\t id=\"slide-59-layer-7\" \n\t\t\t data-x=\"['center','center','center','center']\" data-hoffset=\"['-179','482','226','112']\" \n\t\t\t data-y=\"['middle','middle','middle','middle']\" data-voffset=\"['-389','-326','152','107']\" \n\t\t\t\t\t\tdata-width=\"['150','215','221','203']\"\n\t\t\tdata-height=\"['37','37','37','39']\"\n\t\t\tdata-whitespace=\"normal\"\n\t\t\tdata-transform_idle=\"o:1;\"\n\t\t\t\tdata-transform_hover=\"o:1;rX:0;rY:0;rZ:0;z:0;s:300;e:Power1.easeInOut;\"\n\t\t\t\tdata-style_hover=\"c:rgba(255, 255, 255, 1.00);bc:rgba(255, 255, 255, 1.00);\"\n \n\t\t\t data-transform_in=\"y:50px;opacity:0;s:1500;e:Power4.easeInOut;\" \n\t\t\t data-transform_out=\"y:[175%];s:1000;e:Power2.easeInOut;s:1000;e:Power2.easeInOut;\" \n\t\t\t data-mask_out=\"x:inherit;y:inherit;s:inherit;e:inherit;\" \n\t\t\tdata-start=\"2000\" \n\t\t\tdata-splitin=\"none\" \n\t\t\tdata-splitout=\"none\" \n\t\t\tdata-actions='[{\"event\":\"click\",\"action\":\"simplelink\",\"target\":\"_self\",\"url\":\"http:\/\/begirada.fr\/index.php\/accueil\/\"}]'\n\t\t\tdata-responsive_offset=\"on\" \n\t\t\tdata-responsive=\"off\"\n\t\t\t\n\t\t\tstyle=\"z-index: 7; min-width: 150px; max-width: 150px; max-width: 37px; max-width: 37px; white-space: normal;outline:none;box-shadow:none;box-sizing:border-box;-moz-box-sizing:border-box;-webkit-box-sizing:border-box;cursor:pointer;\">ACCUEIL\n\t\t<\/div>\n<p>\t\t<!-- LAYER NR. 4 --><\/p>\n<div class=\"tp-caption NotGeneric-Button rev-btn \" \n\t\t\t id=\"slide-59-layer-11\" \n\t\t\t data-x=\"['center','center','center','center']\" data-hoffset=\"['216','519','268','149']\" \n\t\t\t data-y=\"['middle','middle','middle','middle']\" data-voffset=\"['-388','-168','292','209']\" \n\t\t\t\t\t\tdata-width=\"['151','165','153','none']\"\n\t\t\tdata-height=\"['none','37','37','none']\"\n\t\t\tdata-whitespace=\"['normal','normal','normal','nowrap']\"\n\t\t\tdata-transform_idle=\"o:1;\"\n\t\t\t\tdata-transform_hover=\"o:1;rX:0;rY:0;rZ:0;z:0;s:300;e:Power1.easeInOut;\"\n\t\t\t\tdata-style_hover=\"c:rgba(255, 255, 255, 1.00);bc:rgba(255, 255, 255, 1.00);\"\n \n\t\t\t data-transform_in=\"y:50px;opacity:0;s:1500;e:Power4.easeInOut;\" \n\t\t\t data-transform_out=\"y:[175%];s:1000;e:Power2.easeInOut;s:1000;e:Power2.easeInOut;\" \n\t\t\t data-mask_out=\"x:inherit;y:inherit;s:inherit;e:inherit;\" \n\t\t\tdata-start=\"2000\" \n\t\t\tdata-splitin=\"none\" \n\t\t\tdata-splitout=\"none\" \n\t\t\tdata-actions='[{\"event\":\"click\",\"action\":\"simplelink\",\"target\":\"_self\",\"url\":\"http:\/\/begirada.fr\/index.php\/club-et-contact\/\"}]'\n\t\t\tdata-responsive_offset=\"on\" \n\t\t\tdata-responsive=\"off\"\n\t\t\t\n\t\t\tstyle=\"z-index: 8; min-width: 151px; max-width: 151px; white-space: normal;outline:none;box-shadow:none;box-sizing:border-box;-moz-box-sizing:border-box;-webkit-box-sizing:border-box;cursor:pointer;\">LE CLUB\n\t\t<\/div>\n<p>\t\t<!-- LAYER NR. 5 --><\/p>\n<div class=\"tp-caption NotGeneric-Button rev-btn \" \n\t\t\t id=\"slide-59-layer-12\" \n\t\t\t data-x=\"['center','center','center','center']\" data-hoffset=\"['376','539','275','163']\" \n\t\t\t data-y=\"['middle','middle','middle','middle']\" data-voffset=\"['-390','-88','364','315']\" \n\t\t\t\t\t\tdata-width=\"['none','134','139','106']\"\n\t\t\tdata-height=\"['none','37','38','37']\"\n\t\t\tdata-whitespace=\"['nowrap','normal','normal','normal']\"\n\t\t\tdata-visibility=\"['on','on','on','off']\"\n\t\t\tdata-transform_idle=\"o:1;\"\n\t\t\t\tdata-transform_hover=\"o:1;rX:0;rY:0;rZ:0;z:0;s:300;e:Power1.easeInOut;\"\n\t\t\t\tdata-style_hover=\"c:rgba(255, 255, 255, 1.00);bc:rgba(255, 255, 255, 1.00);\"\n \n\t\t\t data-transform_in=\"y:50px;opacity:0;s:1500;e:Power4.easeInOut;\" \n\t\t\t data-transform_out=\"y:[175%];s:1000;e:Power2.easeInOut;s:1000;e:Power2.easeInOut;\" \n\t\t\t data-mask_out=\"x:inherit;y:inherit;s:inherit;e:inherit;\" \n\t\t\tdata-start=\"2000\" \n\t\t\tdata-splitin=\"none\" \n\t\t\tdata-splitout=\"none\" \n\t\t\tdata-actions='[{\"event\":\"click\",\"action\":\"simplelink\",\"target\":\"_self\",\"url\":\" http:\/\/begirada.fr\/index.php\/liens\/\"}]'\n\t\t\tdata-responsive_offset=\"on\" \n\t\t\tdata-responsive=\"off\"\n\t\t\t\n\t\t\tstyle=\"z-index: 9; white-space: nowrap;outline:none;box-shadow:none;box-sizing:border-box;-moz-box-sizing:border-box;-webkit-box-sizing:border-box;cursor:pointer;\">LIENS\n\t\t<\/div>\n<p>\t\t<!-- LAYER NR. 6 --><\/p>\n<div class=\"tp-caption NotGeneric-Button rev-btn \" \n\t\t\t id=\"slide-59-layer-13\" \n\t\t\t data-x=\"['center','center','center','center']\" data-hoffset=\"['520','550','282','159']\" \n\t\t\t data-y=\"['middle','middle','middle','middle']\" data-voffset=\"['-393','-14','434','261']\" \n\t\t\t\t\t\tdata-width=\"['none','none','124','none']\"\n\t\t\tdata-height=\"['none','none','38','none']\"\n\t\t\tdata-whitespace=\"['nowrap','nowrap','normal','nowrap']\"\n\t\t\tdata-visibility=\"['on','on','on','off']\"\n\t\t\tdata-transform_idle=\"o:1;\"\n\t\t\t\tdata-transform_hover=\"o:1;rX:0;rY:0;rZ:0;z:0;s:300;e:Power1.easeInOut;\"\n\t\t\t\tdata-style_hover=\"c:rgba(255, 255, 255, 1.00);bc:rgba(255, 255, 255, 1.00);\"\n \n\t\t\t data-transform_in=\"y:50px;opacity:0;s:1500;e:Power4.easeInOut;\" \n\t\t\t data-transform_out=\"y:[175%];s:1000;e:Power2.easeInOut;s:1000;e:Power2.easeInOut;\" \n\t\t\t data-mask_out=\"x:inherit;y:inherit;s:inherit;e:inherit;\" \n\t\t\tdata-start=\"2000\" \n\t\t\tdata-splitin=\"none\" \n\t\t\tdata-splitout=\"none\" \n\t\t\tdata-actions='[{\"event\":\"click\",\"action\":\"simplelink\",\"target\":\"_self\",\"url\":\"http:\/\/begirada.fr\/index.php\/tutos\/\"}]'\n\t\t\tdata-responsive_offset=\"on\" \n\t\t\tdata-responsive=\"off\"\n\t\t\t\n\t\t\tstyle=\"z-index: 10; white-space: nowrap;outline:none;box-shadow:none;box-sizing:border-box;-moz-box-sizing:border-box;-webkit-box-sizing:border-box;cursor:pointer;\">TUTOS\n\t\t<\/div>\n<p>\t\t<!-- LAYER NR. 7 --><br \/>\n\t\t<a class=\"tp-caption NotGeneric-Button rev-btn \" \n href=\"http:\/\/begirada.fr\/index.php\/accueil\/menu-galeries-begirada\/\" target=\"_self\"\t\t\t id=\"slide-59-layer-14\" \n\t\t\t data-x=\"['center','center','center','center']\" data-hoffset=\"['14','497','236','121']\" \n\t\t\t data-y=\"['middle','middle','middle','middle']\" data-voffset=\"['-389','-246','220','159']\" \n\t\t\t\t\t\tdata-width=\"['none','none','205','none']\"\n\t\t\tdata-height=\"none\"\n\t\t\tdata-whitespace=\"['nowrap','nowrap','normal','nowrap']\"\n\t\t\tdata-visibility=\"['on','on','on','off']\"\n\t\t\tdata-transform_idle=\"o:1;\"\n\t\t\t\tdata-transform_hover=\"o:1;rX:0;rY:0;rZ:0;z:0;s:300;e:Power1.easeInOut;\"\n\t\t\t\tdata-style_hover=\"c:rgba(255, 255, 255, 1.00);bc:rgba(255, 255, 255, 1.00);\"\n \n\t\t\t data-transform_in=\"y:50px;opacity:0;s:1500;e:Power4.easeInOut;\" \n\t\t\t data-transform_out=\"y:[175%];s:1000;e:Power2.easeInOut;s:1000;e:Power2.easeInOut;\" \n\t\t\t data-mask_out=\"x:inherit;y:inherit;s:inherit;e:inherit;\" \n\t\t\tdata-start=\"2000\" \n\t\t\tdata-splitin=\"none\" \n\t\t\tdata-splitout=\"none\" \n\t\t\tdata-actions=''\n\t\t\tdata-responsive_offset=\"on\" \n\t\t\tdata-responsive=\"off\"\n\t\t\t\n\t\t\tstyle=\"z-index: 11; white-space: nowrap;outline:none;box-shadow:none;box-sizing:border-box;-moz-box-sizing:border-box;-webkit-box-sizing:border-box;cursor:pointer;\">LES GALERIES<br \/>\n\t\t<\/a><\/p>\n<p>\t\t<!-- LAYER NR. 8 --><\/p>\n<div class=\"tp-caption   tp-resizeme\" \n\t\t\t id=\"slide-59-layer-19\" \n\t\t\t data-x=\"['left','left','left','left']\" data-hoffset=\"['557','456','324','324']\" \n\t\t\t data-y=\"['top','top','top','top']\" data-voffset=\"['705','635','714','714']\" \n\t\t\t\t\t\tdata-width=\"none\"\n\t\t\tdata-height=\"none\"\n\t\t\tdata-whitespace=\"nowrap\"\n\t\t\tdata-transform_idle=\"o:1;\"\n \n\t\t\t data-transform_in=\"opacity:0;s:3810;e:Power2.easeInOut;\" \n\t\t\t data-transform_out=\"opacity:0;s:300;s:300;\" \n\t\t\tdata-start=\"2000\" \n\t\t\tdata-splitin=\"none\" \n\t\t\tdata-splitout=\"none\" \n\t\t\tdata-responsive_offset=\"on\" \n\n\t\t\t\n\t\t\tstyle=\"z-index: 12; white-space: nowrap; font-size: 120px; line-height: 122px; font-weight: 400; color: rgba(255, 255, 255, 1.00);\"><i class=\"fa-icon-arrow-down\"><\/i>\n\t\t<\/div>\n<\/li>\n<\/ul>\n<div class=\"tp-static-layers\">\n<\/div>\n<div class=\"tp-bannertimer tp-bottom\" style=\"visibility: hidden !important;\"><\/div>\n<\/p><\/div>\n<style>.tp-caption.NotGeneric-Title,.NotGeneric-Title{color:rgba(255,255,255,1.00);font-size:70px;line-height:70px;font-weight:800;font-style:normal;font-family:Raleway;padding:10px 0px 10px 0;text-decoration:none;background-color:transparent;border-color:transparent;border-style:none;border-width:0px;border-radius:0 0 0 0px}.tp-caption.NotGeneric-SubTitle,.NotGeneric-SubTitle{color:rgba(255,255,255,1.00);font-size:13px;line-height:20px;font-weight:500;font-style:normal;font-family:Raleway;padding:0 0 0 0px;text-decoration:none;background-color:transparent;border-color:transparent;border-style:none;border-width:0px;border-radius:0 0 0 0px;letter-spacing:4px;text-align:left}.tp-caption.NotGeneric-Button,.NotGeneric-Button{color:rgba(255,255,255,1.00);font-size:14px;line-height:14px;font-weight:500;font-style:normal;font-family:Raleway;padding:10px 30px 10px 30px;text-decoration:none;background-color:rgba(0,0,0,0);border-color:rgba(255,255,255,0.50);border-style:solid;border-width:1px;border-radius:0px 0px 0px 0px;letter-spacing:3px;text-align:left}.tp-caption.NotGeneric-Button:hover,.NotGeneric-Button:hover{color:rgba(255,255,255,1.00);text-decoration:none;background-color:transparent;border-color:rgba(255,255,255,1.00);border-style:solid;border-width:1px;border-radius:0px 0px 0px 0px;cursor:pointer}<\/style>\n<p>\t\t<script type=\"text\/javascript\">\n\t\t\t\t\t\t\/******************************************\n\t\t\t\t-\tPREPARE PLACEHOLDER FOR SLIDER\t-\n\t\t\t******************************************\/<\/p>\n<p>\t\t\tvar setREVStartSize=function(){\n\t\t\t\ttry{var e=new Object,i=jQuery(window).width(),t=9999,r=0,n=0,l=0,f=0,s=0,h=0;\n\t\t\t\t\te.c = jQuery('#rev_slider_9_1');\n\t\t\t\t\te.responsiveLevels = [1240,1024,778,480];\n\t\t\t\t\te.gridwidth = [1240,1024,778,480];\n\t\t\t\t\te.gridheight = [868,768,960,720];<\/p>\n<p>\t\t\t\t\te.sliderLayout = \"fullscreen\";\n\t\t\t\t\te.fullScreenAutoWidth='off';\n\t\t\t\t\te.fullScreenAlignForce='off';\n\t\t\t\t\te.fullScreenOffsetContainer= '';\n\t\t\t\t\te.fullScreenOffset='60px';\n\t\t\t\t\tif(e.responsiveLevels&&(jQuery.each(e.responsiveLevels,function(e,f){f>i&&(t=r=f,l=e),i>f&&f>r&&(r=f,n=e)}),t>r&&(l=n)),f=e.gridheight[l]||e.gridheight[0]||e.gridheight,s=e.gridwidth[l]||e.gridwidth[0]||e.gridwidth,h=i\/s,h=h>1?1:h,f=Math.round(h*f),\"fullscreen\"==e.sliderLayout){var u=(e.c.width(),jQuery(window).height());if(void 0!=e.fullScreenOffsetContainer){var c=e.fullScreenOffsetContainer.split(\",\");if (c) jQuery.each(c,function(e,i){u=jQuery(i).length>0?u-jQuery(i).outerHeight(!0):u}),e.fullScreenOffset.split(\"%\").length>1&&void 0!=e.fullScreenOffset&&e.fullScreenOffset.length>0?u-=jQuery(window).height()*parseInt(e.fullScreenOffset,0)\/100:void 0!=e.fullScreenOffset&&e.fullScreenOffset.length>0&&(u-=parseInt(e.fullScreenOffset,0))}f=u}else void 0!=e.minHeight&&f<e.minHeight&#038;&#038;(f=e.minHeight);e.c.closest(\".rev_slider_wrapper\").css({height:f})\n\t\t\t\t\t\n\t\t\t\t}catch(d){console.log(\"Failure at Presize of Slider:\"+d)}\n\t\t\t};\n\t\t\t\t\t\t\n\t\t\t\t\n\t\t\tsetREVStartSize();\n\t\t\tfunction revslider_showDoubleJqueryError(sliderID) {\n\t\t\t\t\tvar errorMessage = \"Revolution Slider Error: You have some jquery.js library include that comes after the revolution files js include.\";\n\t\t\t\t\terrorMessage += \"<br \/> This includes make eliminates the revolution slider libraries, and make it not work.\";\n\t\t\t\t\terrorMessage += \"<\/p>\n<p> To fix it you can:<br \/>&nbsp;&nbsp;&nbsp; 1. In the Slider Settings -> Troubleshooting set option:  <strong><b>Put JS Includes To Body<\/b><\/strong> option to true.\";\n\t\t\t\t\terrorMessage += \"<br \/>&nbsp;&nbsp;&nbsp; 2. Find the double jquery.js include and remove it.\";\n\t\t\t\t\terrorMessage = \"<span style='font-size:16px;color:#BC0C06;'>\" + errorMessage + \"<\/span>\";\n\t\t\t\t\t\tjQuery(sliderID).show().html(errorMessage);\n\t\t\t\t}\n\t\t\t\t\t\tvar tpj=jQuery;<\/p>\n<p>\t\t\tvar revapi9;\n\t\t\ttpj(document).ready(function() {\n\t\t\t\tif(tpj(\"#rev_slider_9_1\").revolution == undefined){\n\t\t\t\t\trevslider_showDoubleJqueryError(\"#rev_slider_9_1\");\n\t\t\t\t}else{\n\t\t\t\t\trevapi9 = tpj(\"#rev_slider_9_1\").show().revolution({\n\t\t\t\t\t\tsliderType:\"standard\",\njsFileLocation:\"\/\/begirada.fr\/wp-content\/plugins\/revslider\/public\/assets\/js\/\",\n\t\t\t\t\t\tsliderLayout:\"fullscreen\",\n\t\t\t\t\t\tdottedOverlay:\"none\",\n\t\t\t\t\t\tdelay:9000,\n\t\t\t\t\t\tnavigation: {\n\t\t\t\t\t\t\tkeyboardNavigation:\"off\",\n\t\t\t\t\t\t\tkeyboard_direction: \"horizontal\",\n\t\t\t\t\t\t\tmouseScrollNavigation:\"off\",\n\t\t\t\t\t\t\tonHoverStop:\"off\",\n\t\t\t\t\t\t\ttouch:{\n\t\t\t\t\t\t\t\ttouchenabled:\"on\",\n\t\t\t\t\t\t\t\tswipe_threshold: 75,\n\t\t\t\t\t\t\t\tswipe_min_touches: 1,\n\t\t\t\t\t\t\t\tswipe_direction: \"horizontal\",\n\t\t\t\t\t\t\t\tdrag_block_vertical: false\n\t\t\t\t\t\t\t}\n\t\t\t\t\t\t},\n\t\t\t\t\t\tresponsiveLevels:[1240,1024,778,480],\n\t\t\t\t\t\tvisibilityLevels:[1240,1024,778,480],\n\t\t\t\t\t\tgridwidth:[1240,1024,778,480],\n\t\t\t\t\t\tgridheight:[868,768,960,720],\n\t\t\t\t\t\tlazyType:\"none\",\n\t\t\t\t\t\tparallax: {\n\t\t\t\t\t\t\ttype:\"mouse\",\n\t\t\t\t\t\t\torigo:\"slidercenter\",\n\t\t\t\t\t\t\tspeed:2000,\n\t\t\t\t\t\t\tlevels:[2,3,4,5,6,7,12,16,10,50,46,47,48,49,50,55],\n\t\t\t\t\t\t\ttype:\"mouse\",\n\t\t\t\t\t\t\tdisable_onmobile:\"on\"\n\t\t\t\t\t\t},\n\t\t\t\t\t\tshadow:0,\n\t\t\t\t\t\tspinner:\"off\",\n\t\t\t\t\t\tstopLoop:\"on\",\n\t\t\t\t\t\tstopAfterLoops:0,\n\t\t\t\t\t\tstopAtSlide:1,\n\t\t\t\t\t\tshuffle:\"off\",\n\t\t\t\t\t\tautoHeight:\"off\",\n\t\t\t\t\t\tfullScreenAutoWidth:\"off\",\n\t\t\t\t\t\tfullScreenAlignForce:\"off\",\n\t\t\t\t\t\tfullScreenOffsetContainer: \"\",\n\t\t\t\t\t\tfullScreenOffset: \"60px\",\n\t\t\t\t\t\tdisableProgressBar:\"on\",\n\t\t\t\t\t\thideThumbsOnMobile:\"off\",\n\t\t\t\t\t\thideSliderAtLimit:0,\n\t\t\t\t\t\thideCaptionAtLimit:0,\n\t\t\t\t\t\thideAllCaptionAtLilmit:0,\n\t\t\t\t\t\tdebugMode:false,\n\t\t\t\t\t\tfallbacks: {\n\t\t\t\t\t\t\tsimplifyAll:\"off\",\n\t\t\t\t\t\t\tnextSlideOnWindowFocus:\"off\",\n\t\t\t\t\t\t\tdisableFocusListener:false,\n\t\t\t\t\t\t}\n\t\t\t\t\t});\n\t\t\t\t}\n\t\t\t});\t\/*ready*\/\n\t\t<\/script>\n\t\t<\/div>\n<p><!-- END REVOLUTION SLIDER --><\/div>\n<div class=\"standard_wrapper\">\n<div  class=\"one withsmallpadding\"style=\"padding:30px 0 30px 0;\" >\n<div class=\"page_content_wrapper\">\n<div class=\"inner\">\n<div class=\"inner_wrapper\">\n<div class=\"blog_grid_wrapper sidebar_content full_width ppb_blog_posts\">\n<div id=\"post-586\" class=\"post type-post hentry status-publish\">\n<div class=\"post_wrapper grid_layout\">\n<div class=\"post_img small\">\n\t\t    \t    \t<a href=\"http:\/\/begirada.fr\/index.php\/2016\/02\/01\/nouveau-bureau-de-begirada\/\"><br \/>\n\t\t    \t    \t\t<img decoding=\"async\" src=\"http:\/\/begirada.fr\/wp-content\/uploads\/2016\/02\/w-bruno-oct-2015-960x636.jpg\" alt=\"Nouveau Bureau de Begirada\" class=\"\"\/><br \/>\n\t\t                <\/a>\n\t\t    \t    <\/div>\n<div class=\"blog_grid_content\">\n<div class=\"post_header grid\">\n<div class=\"post_info_cat\"><a href=\"http:\/\/begirada.fr\/index.php\/category\/non-classe\/actualite-du-club\/\">Actualit\u00e9 du club<\/a><\/div>\n<h6><a href=\"http:\/\/begirada.fr\/index.php\/2016\/02\/01\/nouveau-bureau-de-begirada\/\" title=\"Nouveau Bureau de Begirada\">Nouveau Bureau de Begirada<\/a><\/h6>\n<hr class=\"title_break\"\/>\n<div class=\"post_detail\">1 f\u00e9vrier 2016<\/div>\n<\/p><\/div>\n<\/p><\/div>\n<\/p><\/div>\n<\/div>\n<div id=\"post-578\" class=\"post type-post hentry status-publish\">\n<div class=\"post_wrapper grid_layout\">\n<div class=\"post_img small\">\n\t\t    \t    \t<a href=\"http:\/\/begirada.fr\/index.php\/2016\/02\/01\/alain-expose-au-rendez-vous-image-2016\/\"><br \/>\n\t\t    \t    \t\t<img decoding=\"async\" src=\"http:\/\/begirada.fr\/wp-content\/uploads\/2016\/02\/alain-strasbourg-960x636.jpg\" alt=\"Alain expose au rendez-vous Image 2016\" class=\"\"\/><br \/>\n\t\t                <\/a>\n\t\t    \t    <\/div>\n<div class=\"blog_grid_content\">\n<div class=\"post_header grid\">\n<div class=\"post_info_cat\"><a href=\"http:\/\/begirada.fr\/index.php\/category\/non-classe\/actualite-du-club\/\">Actualit\u00e9 du club<\/a><\/div>\n<h6><a href=\"http:\/\/begirada.fr\/index.php\/2016\/02\/01\/alain-expose-au-rendez-vous-image-2016\/\" title=\"Alain expose au rendez-vous Image 2016\">Alain expose au rendez-vous Image 2016<\/a><\/h6>\n<hr class=\"title_break\"\/>\n<div class=\"post_detail\">1 f\u00e9vrier 2016<\/div>\n<\/p><\/div>\n<\/p><\/div>\n<\/p><\/div>\n<\/div>\n<div id=\"post-155\" class=\"post type-post hentry status-publish\">\n<div class=\"post_wrapper grid_layout\">\n<div class=\"post_img small\">\n\t\t    \t    \t<a href=\"http:\/\/begirada.fr\/index.php\/2016\/01\/30\/creation-de-notre-nouveau-site\/\"><br \/>\n\t\t    \t    \t\t<img decoding=\"async\" src=\"http:\/\/begirada.fr\/wp-content\/uploads\/2016\/01\/logo-8-begirada-960x636.png\" alt=\"Cr\u00e9ation de notre nouveau site\" class=\"\"\/><br \/>\n\t\t                <\/a>\n\t\t    \t    <\/div>\n<div class=\"blog_grid_content\">\n<div class=\"post_header grid\">\n<div class=\"post_info_cat\"><a href=\"http:\/\/begirada.fr\/index.php\/category\/non-classe\/actualite-du-club\/\">Actualit\u00e9 du club<\/a><\/div>\n<h6><a href=\"http:\/\/begirada.fr\/index.php\/2016\/01\/30\/creation-de-notre-nouveau-site\/\" title=\"Cr\u00e9ation de notre nouveau site\">Cr\u00e9ation de notre nouveau site<\/a><\/h6>\n<hr class=\"title_break\"\/>\n<div class=\"post_detail\">30 janvier 2016<\/div>\n<\/p><\/div>\n<\/p><\/div>\n<\/p><\/div>\n<\/div>\n<\/div>\n<\/div>\n<\/div>\n<\/div>\n<\/div>\n<\/div>\n","protected":false},"excerpt":{"rendered":"<p>JOURNAL BEGIRADA CLUB PHOTO SAINT-PALAIS ACCUEIL LE CLUB LIENS TUTOS LES GALERIES Actualit\u00e9 du club Nouveau Bureau de Begirada 1 f\u00e9vrier 2016 Actualit\u00e9 du club Alain expose au rendez-vous Image 2016 1 f\u00e9vrier 2016 Actualit\u00e9 du club Cr\u00e9ation de notre [&hellip;]<\/p>\n","protected":false},"author":1,"featured_media":0,"parent":101,"menu_order":0,"comment_status":"closed","ping_status":"closed","template":"","meta":[],"_links":{"self":[{"href":"https:\/\/begirada.fr\/index.php\/wp-json\/wp\/v2\/pages\/236"}],"collection":[{"href":"https:\/\/begirada.fr\/index.php\/wp-json\/wp\/v2\/pages"}],"about":[{"href":"https:\/\/begirada.fr\/index.php\/wp-json\/wp\/v2\/types\/page"}],"author":[{"embeddable":true,"href":"https:\/\/begirada.fr\/index.php\/wp-json\/wp\/v2\/users\/1"}],"replies":[{"embeddable":true,"href":"https:\/\/begirada.fr\/index.php\/wp-json\/wp\/v2\/comments?post=236"}],"version-history":[{"count":43,"href":"https:\/\/begirada.fr\/index.php\/wp-json\/wp\/v2\/pages\/236\/revisions"}],"predecessor-version":[{"id":1152,"href":"https:\/\/begirada.fr\/index.php\/wp-json\/wp\/v2\/pages\/236\/revisions\/1152"}],"up":[{"embeddable":true,"href":"https:\/\/begirada.fr\/index.php\/wp-json\/wp\/v2\/pages\/101"}],"wp:attachment":[{"href":"https:\/\/begirada.fr\/index.php\/wp-json\/wp\/v2\/media?parent=236"}],"curies":[{"name":"wp","href":"https:\/\/api.w.org\/{rel}","templated":true}]}}